{"id":494,"date":"2021-02-15T06:48:24","date_gmt":"2021-02-15T06:48:24","guid":{"rendered":"https:\/\/ocatecismoinfantil.com.br\/index.php\/about\/"},"modified":"2023-04-10T18:25:04","modified_gmt":"2023-04-10T21:25:04","slug":"about","status":"publish","type":"page","link":"https:\/\/ocatecismoinfantil.com.br\/index.php\/about\/","title":{"rendered":"About"},"content":{"rendered":"\t\t<div data-elementor-type=\"wp-page\" data-elementor-id=\"494\" class=\"elementor elementor-494\">\n\t\t\t\t\t\t<section class=\"elementor-section elementor-top-section elementor-element elementor-element-c6943fb elementor-section-boxed elementor-section-height-default elementor-section-height-default\" data-id=\"c6943fb\" data-element_type=\"section\" data-e-type=\"section\" data-settings=\"{&quot;background_background&quot;:&quot;classic&quot;}\">\n\t\t\t\t\t\t<div class=\"elementor-container elementor-column-gap-no\">\n\t\t\t\t\t<div class=\"elementor-column elementor-col-100 elementor-top-column elementor-element elementor-element-fac106b\" data-id=\"fac106b\" data-element_type=\"column\" data-e-type=\"column\">\n\t\t\t<div class=\"elementor-widget-wrap elementor-element-populated\">\n\t\t\t\t\t\t<div class=\"elementor-element elementor-element-5837c6c elementor-widget elementor-widget-heading\" data-id=\"5837c6c\" data-element_type=\"widget\" data-e-type=\"widget\" data-widget_type=\"heading.default\">\n\t\t\t\t<div class=\"elementor-widget-container\">\n\t\t\t\t\t<h1 class=\"elementor-heading-title elementor-size-default\">Quem somos<\/h1>\t\t\t\t<\/div>\n\t\t\t\t<\/div>\n\t\t\t\t<div class=\"elementor-element elementor-element-75ee072 elementor-widget elementor-widget-text-editor\" data-id=\"75ee072\" data-element_type=\"widget\" data-e-type=\"widget\" data-widget_type=\"text-editor.default\">\n\t\t\t\t<div class=\"elementor-widget-container\">\n\t\t\t\t\t\t\t\t\t<p>&#8220;Vivendo para a gl\u00f3ria de Deus, juntos como uma fam\u00edlia&#8221;<\/p>\t\t\t\t\t\t\t\t<\/div>\n\t\t\t\t<\/div>\n\t\t\t\t\t<\/div>\n\t\t<\/div>\n\t\t\t\t\t<\/div>\n\t\t<\/section>\n\t\t\t\t<section class=\"elementor-section elementor-top-section elementor-element elementor-element-d60be6f elementor-section-boxed elementor-section-height-default elementor-section-height-default\" data-id=\"d60be6f\" data-element_type=\"section\" data-e-type=\"section\">\n\t\t\t\t\t\t<div class=\"elementor-container elementor-column-gap-no\">\n\t\t\t\t\t<div class=\"elementor-column elementor-col-100 elementor-top-column elementor-element elementor-element-59a6066\" data-id=\"59a6066\" data-element_type=\"column\" data-e-type=\"column\">\n\t\t\t<div class=\"elementor-widget-wrap elementor-element-populated\">\n\t\t\t\t\t\t<section class=\"elementor-section elementor-inner-section elementor-element elementor-element-46c3439 elementor-section-boxed elementor-section-height-default elementor-section-height-default\" data-id=\"46c3439\" data-element_type=\"section\" data-e-type=\"section\">\n\t\t\t\t\t\t<div class=\"elementor-container elementor-column-gap-no\">\n\t\t\t\t\t<div class=\"elementor-column elementor-col-50 elementor-inner-column elementor-element elementor-element-08bf2a2\" data-id=\"08bf2a2\" data-element_type=\"column\" data-e-type=\"column\">\n\t\t\t<div class=\"elementor-widget-wrap elementor-element-populated\">\n\t\t\t\t\t\t<div class=\"elementor-element elementor-element-d88acf2 elementor-widget elementor-widget-image\" data-id=\"d88acf2\" data-element_type=\"widget\" data-e-type=\"widget\" data-widget_type=\"image.default\">\n\t\t\t\t<div class=\"elementor-widget-container\">\n\t\t\t\t\t\t\t\t\t\t\t\t\t\t\t<img fetchpriority=\"high\" decoding=\"async\" width=\"1707\" height=\"2199\" src=\"https:\/\/ocatecismoinfantil.com.br\/wp-content\/uploads\/2023\/04\/IMG_1214-min.jpg\" class=\"attachment-full size-full wp-image-809\" alt=\"\" srcset=\"https:\/\/ocatecismoinfantil.com.br\/wp-content\/uploads\/2023\/04\/IMG_1214-min.jpg 1707w, https:\/\/ocatecismoinfantil.com.br\/wp-content\/uploads\/2023\/04\/IMG_1214-min-233x300.jpg 233w, https:\/\/ocatecismoinfantil.com.br\/wp-content\/uploads\/2023\/04\/IMG_1214-min-795x1024.jpg 795w, https:\/\/ocatecismoinfantil.com.br\/wp-content\/uploads\/2023\/04\/IMG_1214-min-768x989.jpg 768w, https:\/\/ocatecismoinfantil.com.br\/wp-content\/uploads\/2023\/04\/IMG_1214-min-1192x1536.jpg 1192w, https:\/\/ocatecismoinfantil.com.br\/wp-content\/uploads\/2023\/04\/IMG_1214-min-1590x2048.jpg 1590w\" sizes=\"(max-width: 1707px) 100vw, 1707px\" \/>\t\t\t\t\t\t\t\t\t\t\t\t\t\t\t<\/div>\n\t\t\t\t<\/div>\n\t\t\t\t\t<\/div>\n\t\t<\/div>\n\t\t\t\t<div class=\"elementor-column elementor-col-50 elementor-inner-column elementor-element elementor-element-8fc8beb\" data-id=\"8fc8beb\" data-element_type=\"column\" data-e-type=\"column\">\n\t\t\t<div class=\"elementor-widget-wrap elementor-element-populated\">\n\t\t\t\t\t\t<div class=\"elementor-element elementor-element-b3343bc elementor-widget-divider--view-line elementor-widget elementor-widget-divider\" data-id=\"b3343bc\" data-element_type=\"widget\" data-e-type=\"widget\" data-widget_type=\"divider.default\">\n\t\t\t\t<div class=\"elementor-widget-container\">\n\t\t\t\t\t\t\t<div class=\"elementor-divider\">\n\t\t\t<span class=\"elementor-divider-separator\">\n\t\t\t\t\t\t<\/span>\n\t\t<\/div>\n\t\t\t\t\t\t<\/div>\n\t\t\t\t<\/div>\n\t\t\t\t<div class=\"elementor-element elementor-element-84cfc77 elementor-widget elementor-widget-heading\" data-id=\"84cfc77\" data-element_type=\"widget\" data-e-type=\"widget\" data-widget_type=\"heading.default\">\n\t\t\t\t<div class=\"elementor-widget-container\">\n\t\t\t\t\t<h2 class=\"elementor-heading-title elementor-size-default\">Nossa hist\u00f3ria<\/h2>\t\t\t\t<\/div>\n\t\t\t\t<\/div>\n\t\t\t\t<div class=\"elementor-element elementor-element-ed390ca elementor-widget__width-initial elementor-widget elementor-widget-text-editor\" data-id=\"ed390ca\" data-element_type=\"widget\" data-e-type=\"widget\" data-widget_type=\"text-editor.default\">\n\t\t\t\t<div class=\"elementor-widget-container\">\n\t\t\t\t\t\t\t\t\t<p>Somos uma fam\u00edlia de mission\u00e1rios em Portugal, composta por mim, minha esposa Laryssa e nossas tr\u00eas filhas: Lara de 7 anos, Cec\u00edlia de 4 anos e Catarina de 1 ano e 4 meses. No final de 2019, percebemos que precis\u00e1vamos mudar algumas coisas em nossa casa e firmamos um pacto de criar nossas filhas para a gl\u00f3ria de Deus.<\/p><p>Com essa nova perspectiva, come\u00e7amos a fazer um devocional di\u00e1rio pela manh\u00e3, seguido de instru\u00e7\u00e3o oral. Iniciamos com um catecismo e, em seguida, passamos para a memoriza\u00e7\u00e3o de salmos, a ora\u00e7\u00e3o do Pai Nosso, o Credo Apost\u00f3lico e o Fruto do Esp\u00edrito. Nossa prioridade \u00e9 viver para a gl\u00f3ria de Deus e queremos que nossas filhas cres\u00e7am em conhecimento e amor por Ele.<\/p>\t\t\t\t\t\t\t\t<\/div>\n\t\t\t\t<\/div>\n\t\t\t\t\t<\/div>\n\t\t<\/div>\n\t\t\t\t\t<\/div>\n\t\t<\/section>\n\t\t\t\t<section class=\"elementor-section elementor-inner-section elementor-element elementor-element-b5437d0 elementor-section-boxed elementor-section-height-default elementor-section-height-default\" data-id=\"b5437d0\" data-element_type=\"section\" data-e-type=\"section\">\n\t\t\t\t\t\t<div class=\"elementor-container elementor-column-gap-no\">\n\t\t\t\t\t<div class=\"elementor-column elementor-col-50 elementor-inner-column elementor-element elementor-element-3dd49fb\" data-id=\"3dd49fb\" data-element_type=\"column\" data-e-type=\"column\">\n\t\t\t<div class=\"elementor-widget-wrap elementor-element-populated\">\n\t\t\t\t\t\t<div class=\"elementor-element elementor-element-95e34c3 elementor-widget elementor-widget-image\" data-id=\"95e34c3\" data-element_type=\"widget\" data-e-type=\"widget\" data-widget_type=\"image.default\">\n\t\t\t\t<div class=\"elementor-widget-container\">\n\t\t\t\t\t\t\t\t\t\t\t\t\t\t\t<img decoding=\"async\" width=\"2560\" height=\"2560\" src=\"https:\/\/ocatecismoinfantil.com.br\/wp-content\/uploads\/2023\/04\/IMG_1209-min-scaled.jpg\" class=\"attachment-full size-full wp-image-806\" alt=\"\" srcset=\"https:\/\/ocatecismoinfantil.com.br\/wp-content\/uploads\/2023\/04\/IMG_1209-min-scaled.jpg 2560w, https:\/\/ocatecismoinfantil.com.br\/wp-content\/uploads\/2023\/04\/IMG_1209-min-300x300.jpg 300w, https:\/\/ocatecismoinfantil.com.br\/wp-content\/uploads\/2023\/04\/IMG_1209-min-1024x1024.jpg 1024w, https:\/\/ocatecismoinfantil.com.br\/wp-content\/uploads\/2023\/04\/IMG_1209-min-150x150.jpg 150w, https:\/\/ocatecismoinfantil.com.br\/wp-content\/uploads\/2023\/04\/IMG_1209-min-768x768.jpg 768w, https:\/\/ocatecismoinfantil.com.br\/wp-content\/uploads\/2023\/04\/IMG_1209-min-1536x1536.jpg 1536w, https:\/\/ocatecismoinfantil.com.br\/wp-content\/uploads\/2023\/04\/IMG_1209-min-2048x2048.jpg 2048w\" sizes=\"(max-width: 2560px) 100vw, 2560px\" \/>\t\t\t\t\t\t\t\t\t\t\t\t\t\t\t<\/div>\n\t\t\t\t<\/div>\n\t\t\t\t\t<\/div>\n\t\t<\/div>\n\t\t\t\t<div class=\"elementor-column elementor-col-50 elementor-inner-column elementor-element elementor-element-a5a4601\" data-id=\"a5a4601\" data-element_type=\"column\" data-e-type=\"column\">\n\t\t\t<div class=\"elementor-widget-wrap elementor-element-populated\">\n\t\t\t\t\t\t<div class=\"elementor-element elementor-element-f1fdff8 elementor-widget-divider--view-line elementor-widget elementor-widget-divider\" data-id=\"f1fdff8\" data-element_type=\"widget\" data-e-type=\"widget\" data-widget_type=\"divider.default\">\n\t\t\t\t<div class=\"elementor-widget-container\">\n\t\t\t\t\t\t\t<div class=\"elementor-divider\">\n\t\t\t<span class=\"elementor-divider-separator\">\n\t\t\t\t\t\t<\/span>\n\t\t<\/div>\n\t\t\t\t\t\t<\/div>\n\t\t\t\t<\/div>\n\t\t\t\t<div class=\"elementor-element elementor-element-72e3c44 elementor-widget elementor-widget-heading\" data-id=\"72e3c44\" data-element_type=\"widget\" data-e-type=\"widget\" data-widget_type=\"heading.default\">\n\t\t\t\t<div class=\"elementor-widget-container\">\n\t\t\t\t\t<h2 class=\"elementor-heading-title elementor-size-default\">Compromisso<\/h2>\t\t\t\t<\/div>\n\t\t\t\t<\/div>\n\t\t\t\t<div class=\"elementor-element elementor-element-6f7befd elementor-widget__width-initial elementor-widget elementor-widget-text-editor\" data-id=\"6f7befd\" data-element_type=\"widget\" data-e-type=\"widget\" data-widget_type=\"text-editor.default\">\n\t\t\t\t<div class=\"elementor-widget-container\">\n\t\t\t\t\t\t\t\t\t<p>Somos uma fam\u00edlia crist\u00e3 comprometida em seguir os ensinamentos de Jesus e aplic\u00e1-los em nossa vida di\u00e1ria. Acreditamos que a educa\u00e7\u00e3o crist\u00e3 \u00e9 uma parte essencial da forma\u00e7\u00e3o de nossas filhas e, por isso, iniciamos o ensino dom\u00e9stico (homeschooling) nesse processo.<\/p><p>Nosso objetivo \u00e9 criar filhas que conhe\u00e7am a Deus, amem sua palavra e sigam seus mandamentos. Queremos que elas cres\u00e7am para se tornarem mulheres de f\u00e9, que sejam luz para o mundo e que sirvam a Deus em tudo o que fizerem. Estamos comprometidos em dar o melhor de n\u00f3s como pais e como fam\u00edlia, sempre buscando honrar a Deus em tudo o que fazemos.<\/p>\t\t\t\t\t\t\t\t<\/div>\n\t\t\t\t<\/div>\n\t\t\t\t\t<\/div>\n\t\t<\/div>\n\t\t\t\t\t<\/div>\n\t\t<\/section>\n\t\t\t\t<div class=\"elementor-element elementor-element-a7c1c88 elementor-widget elementor-widget-heading\" data-id=\"a7c1c88\" data-element_type=\"widget\" data-e-type=\"widget\" data-widget_type=\"heading.default\">\n\t\t\t\t<div class=\"elementor-widget-container\">\n\t\t\t\t\t<div class=\"elementor-heading-title elementor-size-default\">\u201c<\/div>\t\t\t\t<\/div>\n\t\t\t\t<\/div>\n\t\t\t\t<div class=\"elementor-element elementor-element-2104079 elementor-widget elementor-widget-heading\" data-id=\"2104079\" data-element_type=\"widget\" data-e-type=\"widget\" data-widget_type=\"heading.default\">\n\t\t\t\t<div class=\"elementor-widget-container\">\n\t\t\t\t\t<h2 class=\"elementor-heading-title elementor-size-default\">Ensinar nossos filhos em casa \u00e9 uma oportunidade \u00fanica de transmitir valores, princ\u00edpios e conhecimentos que ir\u00e3o acompanh\u00e1-los por toda a vida.<\/h2>\t\t\t\t<\/div>\n\t\t\t\t<\/div>\n\t\t\t\t<div class=\"elementor-element elementor-element-a3287a0 elementor-widget-divider--view-line elementor-widget elementor-widget-divider\" data-id=\"a3287a0\" data-element_type=\"widget\" data-e-type=\"widget\" data-widget_type=\"divider.default\">\n\t\t\t\t<div class=\"elementor-widget-container\">\n\t\t\t\t\t\t\t<div class=\"elementor-divider\">\n\t\t\t<span class=\"elementor-divider-separator\">\n\t\t\t\t\t\t<\/span>\n\t\t<\/div>\n\t\t\t\t\t\t<\/div>\n\t\t\t\t<\/div>\n\t\t\t\t<div class=\"elementor-element elementor-element-cba95bd elementor-widget elementor-widget-heading\" data-id=\"cba95bd\" data-element_type=\"widget\" data-e-type=\"widget\" data-widget_type=\"heading.default\">\n\t\t\t\t<div class=\"elementor-widget-container\">\n\t\t\t\t\t<h5 class=\"elementor-heading-title elementor-size-default\">o Catecismo Infantil<\/h5>\t\t\t\t<\/div>\n\t\t\t\t<\/div>\n\t\t\t\t\t<\/div>\n\t\t<\/div>\n\t\t\t\t\t<\/div>\n\t\t<\/section>\n\t\t\t\t<section class=\"elementor-section elementor-top-section elementor-element elementor-element-1bb8162 elementor-section-boxed elementor-section-height-default elementor-section-height-default\" data-id=\"1bb8162\" data-element_type=\"section\" data-e-type=\"section\">\n\t\t\t\t\t\t<div class=\"elementor-container elementor-column-gap-no\">\n\t\t\t\t\t<div class=\"elementor-column elementor-col-100 elementor-top-column elementor-element elementor-element-487eee8\" data-id=\"487eee8\" data-element_type=\"column\" data-e-type=\"column\">\n\t\t\t<div class=\"elementor-widget-wrap elementor-element-populated\">\n\t\t\t\t\t\t<section class=\"elementor-section elementor-inner-section elementor-element elementor-element-4c722cb elementor-section-height-min-height elementor-section-content-middle elementor-section-boxed elementor-section-height-default\" data-id=\"4c722cb\" data-element_type=\"section\" data-e-type=\"section\" data-settings=\"{&quot;background_background&quot;:&quot;classic&quot;}\">\n\t\t\t\t\t\t<div class=\"elementor-container elementor-column-gap-no\">\n\t\t\t\t\t<div class=\"elementor-column elementor-col-100 elementor-inner-column elementor-element elementor-element-b53ed7d\" data-id=\"b53ed7d\" data-element_type=\"column\" data-e-type=\"column\">\n\t\t\t<div class=\"elementor-widget-wrap elementor-element-populated\">\n\t\t\t\t\t\t<div class=\"elementor-element elementor-element-647c5f3 elementor-view-stacked elementor-shape-circle elementor-widget elementor-widget-icon\" data-id=\"647c5f3\" data-element_type=\"widget\" data-e-type=\"widget\" data-widget_type=\"icon.default\">\n\t\t\t\t<div class=\"elementor-widget-container\">\n\t\t\t\t\t\t\t<div class=\"elementor-icon-wrapper\">\n\t\t\t<a class=\"elementor-icon elementor-animation-grow\" href=\"#\">\n\t\t\t<i aria-hidden=\"true\" class=\"fas fa-play\"><\/i>\t\t\t<\/a>\n\t\t<\/div>\n\t\t\t\t\t\t<\/div>\n\t\t\t\t<\/div>\n\t\t\t\t\t<\/div>\n\t\t<\/div>\n\t\t\t\t\t<\/div>\n\t\t<\/section>\n\t\t\t\t<section class=\"elementor-section elementor-inner-section elementor-element elementor-element-7b87eb5 elementor-section-boxed elementor-section-height-default elementor-section-height-default\" data-id=\"7b87eb5\" data-element_type=\"section\" data-e-type=\"section\">\n\t\t\t\t\t\t<div class=\"elementor-container elementor-column-gap-no\">\n\t\t\t\t\t<div class=\"elementor-column elementor-col-50 elementor-inner-column elementor-element elementor-element-1fe8b60\" data-id=\"1fe8b60\" data-element_type=\"column\" data-e-type=\"column\">\n\t\t\t<div class=\"elementor-widget-wrap elementor-element-populated\">\n\t\t\t\t\t\t<div class=\"elementor-element elementor-element-4eb2e65 elementor-widget elementor-widget-heading\" data-id=\"4eb2e65\" data-element_type=\"widget\" data-e-type=\"widget\" data-widget_type=\"heading.default\">\n\t\t\t\t<div class=\"elementor-widget-container\">\n\t\t\t\t\t<h2 class=\"elementor-heading-title elementor-size-default\">Podcast: Catecismo Infantil<\/h2>\t\t\t\t<\/div>\n\t\t\t\t<\/div>\n\t\t\t\t\t<\/div>\n\t\t<\/div>\n\t\t\t\t<div class=\"elementor-column elementor-col-50 elementor-inner-column elementor-element elementor-element-7e6a1a5\" data-id=\"7e6a1a5\" data-element_type=\"column\" data-e-type=\"column\">\n\t\t\t<div class=\"elementor-widget-wrap elementor-element-populated\">\n\t\t\t\t\t\t<div class=\"elementor-element elementor-element-6dd112b elementor-widget-divider--view-line elementor-widget elementor-widget-divider\" data-id=\"6dd112b\" data-element_type=\"widget\" data-e-type=\"widget\" data-widget_type=\"divider.default\">\n\t\t\t\t<div class=\"elementor-widget-container\">\n\t\t\t\t\t\t\t<div class=\"elementor-divider\">\n\t\t\t<span class=\"elementor-divider-separator\">\n\t\t\t\t\t\t<\/span>\n\t\t<\/div>\n\t\t\t\t\t\t<\/div>\n\t\t\t\t<\/div>\n\t\t\t\t<div class=\"elementor-element elementor-element-c200bfa elementor-widget elementor-widget-text-editor\" data-id=\"c200bfa\" data-element_type=\"widget\" data-e-type=\"widget\" data-widget_type=\"text-editor.default\">\n\t\t\t\t<div class=\"elementor-widget-container\">\n\t\t\t\t\t\t\t\t\t<p>Nosso podcast \u00e9 um espa\u00e7o dedicado \u00e0 reflex\u00e3o sobre a import\u00e2ncia do catecismo infantil na forma\u00e7\u00e3o das crian\u00e7as e na vida familiar. Discutimos a instru\u00e7\u00e3o oral, a cria\u00e7\u00e3o de filhos, o homeschooling e outros temas relacionados \u00e0 educa\u00e7\u00e3o crist\u00e3 em fam\u00edlia. Aqui, compartilhamos dicas e sugest\u00f5es pr\u00e1ticas para ajudar os pais a ensinarem o catecismo \u00e0s suas crian\u00e7as e a desenvolverem um ambiente de aprendizado e crescimento espiritual em casa. Nossa inten\u00e7\u00e3o \u00e9 oferecer um espa\u00e7o de di\u00e1logo, inspira\u00e7\u00e3o e encorajamento para todas as fam\u00edlias que desejam seguir a palavra de Deus e transmitir seus valores para as gera\u00e7\u00f5es futuras.<\/p>\t\t\t\t\t\t\t\t<\/div>\n\t\t\t\t<\/div>\n\t\t\t\t<div class=\"elementor-element elementor-element-37b9953 elementor-align-left elementor-widget elementor-widget-button\" data-id=\"37b9953\" data-element_type=\"widget\" data-e-type=\"widget\" data-widget_type=\"button.default\">\n\t\t\t\t<div class=\"elementor-widget-container\">\n\t\t\t\t\t\t\t\t\t<div class=\"elementor-button-wrapper\">\n\t\t\t\t\t<a class=\"elementor-button elementor-button-link elementor-size-sm\" href=\"https:\/\/open.spotify.com\/episode\/22bzkmF4aiviIzCtVD8RnQ?si=70nYkzf-RfWCufdaLae7Bw\">\n\t\t\t\t\t\t<span class=\"elementor-button-content-wrapper\">\n\t\t\t\t\t\t<span class=\"elementor-button-icon\">\n\t\t\t\t<svg xmlns=\"http:\/\/www.w3.org\/2000\/svg\" viewBox=\"0 0 2048 2048\"><path d=\"M6.125 1088h1797.89l-402.976 403 89.994 90L2048 1024l-556.966-557-89.994 90 402.976 403H6.125v128z\"><\/path><\/svg>\t\t\t<\/span>\n\t\t\t\t\t\t\t\t\t<span class=\"elementor-button-text\">Escute nossos epis\u00f3dios<\/span>\n\t\t\t\t\t<\/span>\n\t\t\t\t\t<\/a>\n\t\t\t\t<\/div>\n\t\t\t\t\t\t\t\t<\/div>\n\t\t\t\t<\/div>\n\t\t\t\t\t<\/div>\n\t\t<\/div>\n\t\t\t\t\t<\/div>\n\t\t<\/section>\n\t\t\t\t<section class=\"elementor-section elementor-inner-section elementor-element elementor-element-22e3c1c elementor-section-boxed elementor-section-height-default elementor-section-height-default\" data-id=\"22e3c1c\" data-element_type=\"section\" data-e-type=\"section\">\n\t\t\t\t\t\t<div class=\"elementor-container elementor-column-gap-no\">\n\t\t\t\t\t<div class=\"elementor-column elementor-col-50 elementor-inner-column elementor-element elementor-element-378d1ef\" data-id=\"378d1ef\" data-element_type=\"column\" data-e-type=\"column\">\n\t\t\t<div class=\"elementor-widget-wrap elementor-element-populated\">\n\t\t\t\t\t\t<div class=\"elementor-element elementor-element-ee870de elementor-widget elementor-widget-heading\" data-id=\"ee870de\" data-element_type=\"widget\" data-e-type=\"widget\" data-widget_type=\"heading.default\">\n\t\t\t\t<div class=\"elementor-widget-container\">\n\t\t\t\t\t<div class=\"elementor-heading-title elementor-size-default\">\u201c<\/div>\t\t\t\t<\/div>\n\t\t\t\t<\/div>\n\t\t\t\t<div class=\"elementor-element elementor-element-6d8cd1e elementor-widget elementor-widget-heading\" data-id=\"6d8cd1e\" data-element_type=\"widget\" data-e-type=\"widget\" data-widget_type=\"heading.default\">\n\t\t\t\t<div class=\"elementor-widget-container\">\n\t\t\t\t\t<div class=\"elementor-heading-title elementor-size-default\">O catecismo infantil \u00e9 um presente valioso que podemos dar \u00e0s nossas crian\u00e7as, ajudando-as a conhecer e amar a Deus desde pequenos.<\/div>\t\t\t\t<\/div>\n\t\t\t\t<\/div>\n\t\t\t\t<div class=\"elementor-element elementor-element-e940f82 elementor-widget elementor-widget-heading\" data-id=\"e940f82\" data-element_type=\"widget\" data-e-type=\"widget\" data-widget_type=\"heading.default\">\n\t\t\t\t<div class=\"elementor-widget-container\">\n\t\t\t\t\t<h5 class=\"elementor-heading-title elementor-size-default\">O catecismo Infantil<\/h5>\t\t\t\t<\/div>\n\t\t\t\t<\/div>\n\t\t\t\t\t<\/div>\n\t\t<\/div>\n\t\t\t\t<div class=\"elementor-column elementor-col-50 elementor-inner-column elementor-element elementor-element-7a1e658\" data-id=\"7a1e658\" data-element_type=\"column\" data-e-type=\"column\">\n\t\t\t<div class=\"elementor-widget-wrap elementor-element-populated\">\n\t\t\t\t\t\t<div class=\"elementor-element elementor-element-9f30fff elementor-widget elementor-widget-heading\" data-id=\"9f30fff\" data-element_type=\"widget\" data-e-type=\"widget\" data-widget_type=\"heading.default\">\n\t\t\t\t<div class=\"elementor-widget-container\">\n\t\t\t\t\t<div class=\"elementor-heading-title elementor-size-default\">\u201c<\/div>\t\t\t\t<\/div>\n\t\t\t\t<\/div>\n\t\t\t\t<div class=\"elementor-element elementor-element-9f42e6f elementor-widget elementor-widget-heading\" data-id=\"9f42e6f\" data-element_type=\"widget\" data-e-type=\"widget\" data-widget_type=\"heading.default\">\n\t\t\t\t<div class=\"elementor-widget-container\">\n\t\t\t\t\t<div class=\"elementor-heading-title elementor-size-default\">Ao ensinar o catecismo para as crian\u00e7as, estamos investindo em um futuro com mais jovens comprometidos com Cristo.<\/div>\t\t\t\t<\/div>\n\t\t\t\t<\/div>\n\t\t\t\t<div class=\"elementor-element elementor-element-65cbcd8 elementor-widget elementor-widget-heading\" data-id=\"65cbcd8\" data-element_type=\"widget\" data-e-type=\"widget\" data-widget_type=\"heading.default\">\n\t\t\t\t<div class=\"elementor-widget-container\">\n\t\t\t\t\t<h5 class=\"elementor-heading-title elementor-size-default\">O catecismo Infantil<\/h5>\t\t\t\t<\/div>\n\t\t\t\t<\/div>\n\t\t\t\t\t<\/div>\n\t\t<\/div>\n\t\t\t\t\t<\/div>\n\t\t<\/section>\n\t\t\t\t\t<\/div>\n\t\t<\/div>\n\t\t\t\t\t<\/div>\n\t\t<\/section>\n\t\t\t\t<\/div>\n\t\t","protected":false},"excerpt":{"rendered":"<p>Quem somos &#8220;Vivendo para a gl\u00f3ria de Deus, juntos como uma fam\u00edlia&#8221; Nossa hist\u00f3ria Somos uma fam\u00edlia de mission\u00e1rios em Portugal, composta por mim, minha esposa Laryssa e nossas tr\u00eas filhas: Lara de 7 anos, Cec\u00edlia de 4 anos e Catarina de 1 ano e 4 meses. No final de 2019, percebemos que precis\u00e1vamos mudar &hellip;<\/p>\n<p class=\"read-more\"> <a class=\"\" href=\"https:\/\/ocatecismoinfantil.com.br\/index.php\/about\/\"> <span class=\"screen-reader-text\">About<\/span> Leia mais &raquo;<\/a><\/p>\n","protected":false},"author":1,"featured_media":0,"parent":0,"menu_order":0,"comment_status":"closed","ping_status":"closed","template":"","meta":{"_monsterinsights_skip_tracking":false,"_monsterinsights_sitenote_active":false,"_monsterinsights_sitenote_note":"","_monsterinsights_sitenote_category":0,"site-sidebar-layout":"no-sidebar","site-content-layout":"page-builder","ast-global-header-display":"","ast-main-header-display":"","ast-hfb-above-header-display":"","ast-hfb-below-header-display":"","ast-hfb-mobile-header-display":"","site-post-title":"disabled","ast-breadcrumbs-content":"disabled","ast-featured-img":"disabled","footer-sml-layout":"","theme-transparent-header-meta":"enabled","adv-header-id-meta":"","stick-header-meta":"","header-above-stick-meta":"","header-main-stick-meta":"","header-below-stick-meta":"","footnotes":""},"class_list":["post-494","page","type-page","status-publish","hentry"],"_links":{"self":[{"href":"https:\/\/ocatecismoinfantil.com.br\/index.php\/wp-json\/wp\/v2\/pages\/494","targetHints":{"allow":["GET"]}}],"collection":[{"href":"https:\/\/ocatecismoinfantil.com.br\/index.php\/wp-json\/wp\/v2\/pages"}],"about":[{"href":"https:\/\/ocatecismoinfantil.com.br\/index.php\/wp-json\/wp\/v2\/types\/page"}],"author":[{"embeddable":true,"href":"https:\/\/ocatecismoinfantil.com.br\/index.php\/wp-json\/wp\/v2\/users\/1"}],"replies":[{"embeddable":true,"href":"https:\/\/ocatecismoinfantil.com.br\/index.php\/wp-json\/wp\/v2\/comments?post=494"}],"version-history":[{"count":28,"href":"https:\/\/ocatecismoinfantil.com.br\/index.php\/wp-json\/wp\/v2\/pages\/494\/revisions"}],"predecessor-version":[{"id":1325,"href":"https:\/\/ocatecismoinfantil.com.br\/index.php\/wp-json\/wp\/v2\/pages\/494\/revisions\/1325"}],"wp:attachment":[{"href":"https:\/\/ocatecismoinfantil.com.br\/index.php\/wp-json\/wp\/v2\/media?parent=494"}],"curies":[{"name":"wp","href":"https:\/\/api.w.org\/{rel}","templated":true}]}}